{"id":1007,"date":"2020-06-11T09:08:02","date_gmt":"2020-06-11T09:08:02","guid":{"rendered":"https:\/\/elsllaguts.com\/wp\/?page_id=1007"},"modified":"2020-06-11T09:15:00","modified_gmt":"2020-06-11T09:15:00","slug":"restauracion-es-barcares-2","status":"publish","type":"page","link":"https:\/\/elsllaguts.com\/wp\/restauracion-es-barcares-2\/","title":{"rendered":"Restauraci\u00f3n Es Barcar\u00e8s"},"content":{"rendered":"<p><img loading=\"lazy\" decoding=\"async\" width=\"768\" height=\"1024\" src=\"https:\/\/elsllaguts.com\/wp\/wp-content\/uploads\/2020\/06\/IMG-20191212-WA0000-768x1024.jpg\" alt=\"reparaci\u00f3n quilla\" srcset=\"https:\/\/elsllaguts.com\/wp\/wp-content\/uploads\/2020\/06\/IMG-20191212-WA0000-768x1024.jpg 768w, https:\/\/elsllaguts.com\/wp\/wp-content\/uploads\/2020\/06\/IMG-20191212-WA0000-225x300.jpg 225w, https:\/\/elsllaguts.com\/wp\/wp-content\/uploads\/2020\/06\/IMG-20191212-WA0000-1152x1536.jpg 1152w, https:\/\/elsllaguts.com\/wp\/wp-content\/uploads\/2020\/06\/IMG-20191212-WA0000.jpg 1536w\" sizes=\"auto, (max-width: 768px) 100vw, 768px\" \/>\t\t\t\t\t\t\t\t\t\t\t<\/p>\n<p>Restauraci\u00f3n de la quilla, manteniendo su forma original, la curvatura, se pegan trozos de melis epoxi y se rellena con masilla de epoxi y polvo de cristal hueco.<\/p>\n<p>\t\t\t\t\t\t\t\t\t\t<img loading=\"lazy\" decoding=\"async\" width=\"1024\" height=\"768\" src=\"https:\/\/elsllaguts.com\/wp\/wp-content\/uploads\/2020\/06\/IMG-20191125-WA0010-1024x768.jpg\" alt=\"Quilla\" srcset=\"https:\/\/elsllaguts.com\/wp\/wp-content\/uploads\/2020\/06\/IMG-20191125-WA0010-1024x768.jpg 1024w, https:\/\/elsllaguts.com\/wp\/wp-content\/uploads\/2020\/06\/IMG-20191125-WA0010-300x225.jpg 300w, https:\/\/elsllaguts.com\/wp\/wp-content\/uploads\/2020\/06\/IMG-20191125-WA0010-768x576.jpg 768w, https:\/\/elsllaguts.com\/wp\/wp-content\/uploads\/2020\/06\/IMG-20191125-WA0010-1536x1152.jpg 1536w, https:\/\/elsllaguts.com\/wp\/wp-content\/uploads\/2020\/06\/IMG-20191125-WA0010.jpg 1984w\" sizes=\"auto, (max-width: 1024px) 100vw, 1024px\" \/><br \/>\n\t\t\t\t\t\t\t\t\t\t<img loading=\"lazy\" decoding=\"async\" width=\"1024\" height=\"768\" src=\"https:\/\/elsllaguts.com\/wp\/wp-content\/uploads\/2020\/06\/IMG-20191125-WA0009-1024x768.jpg\" alt=\"\" srcset=\"https:\/\/elsllaguts.com\/wp\/wp-content\/uploads\/2020\/06\/IMG-20191125-WA0009-1024x768.jpg 1024w, https:\/\/elsllaguts.com\/wp\/wp-content\/uploads\/2020\/06\/IMG-20191125-WA0009-300x225.jpg 300w, https:\/\/elsllaguts.com\/wp\/wp-content\/uploads\/2020\/06\/IMG-20191125-WA0009-768x576.jpg 768w, https:\/\/elsllaguts.com\/wp\/wp-content\/uploads\/2020\/06\/IMG-20191125-WA0009-1536x1152.jpg 1536w, https:\/\/elsllaguts.com\/wp\/wp-content\/uploads\/2020\/06\/IMG-20191125-WA0009.jpg 1984w\" sizes=\"auto, (max-width: 1024px) 100vw, 1024px\" \/><br \/>\n\t\t\t\t\t\t\t\t\t\t<img loading=\"lazy\" decoding=\"async\" width=\"768\" height=\"1024\" src=\"https:\/\/elsllaguts.com\/wp\/wp-content\/uploads\/2020\/06\/IMG-20191125-WA0008-768x1024.jpg\" alt=\"Codaste\" srcset=\"https:\/\/elsllaguts.com\/wp\/wp-content\/uploads\/2020\/06\/IMG-20191125-WA0008-768x1024.jpg 768w, https:\/\/elsllaguts.com\/wp\/wp-content\/uploads\/2020\/06\/IMG-20191125-WA0008-225x300.jpg 225w, https:\/\/elsllaguts.com\/wp\/wp-content\/uploads\/2020\/06\/IMG-20191125-WA0008-1152x1536.jpg 1152w, https:\/\/elsllaguts.com\/wp\/wp-content\/uploads\/2020\/06\/IMG-20191125-WA0008.jpg 1488w\" sizes=\"auto, (max-width: 768px) 100vw, 768px\" \/>\t\t\t\t\t\t\t\t\t\t\t<\/p>\n<p>la quilla y el codaste se unen a las tablas del forro, con tornillos y se rellenan los huecos con masilla de poliester pasando a lijar hasta dejar forma original.<\/p>\n<p>\t\t\t\t\t\t\t\t\t\t<img loading=\"lazy\" decoding=\"async\" width=\"768\" height=\"1024\" src=\"https:\/\/elsllaguts.com\/wp\/wp-content\/uploads\/2020\/06\/IMG_20191211_163450-768x1024.jpg\" alt=\"Enderezar quilla\" srcset=\"https:\/\/elsllaguts.com\/wp\/wp-content\/uploads\/2020\/06\/IMG_20191211_163450-768x1024.jpg 768w, https:\/\/elsllaguts.com\/wp\/wp-content\/uploads\/2020\/06\/IMG_20191211_163450-225x300.jpg 225w, https:\/\/elsllaguts.com\/wp\/wp-content\/uploads\/2020\/06\/IMG_20191211_163450-1152x1536.jpg 1152w, https:\/\/elsllaguts.com\/wp\/wp-content\/uploads\/2020\/06\/IMG_20191211_163450-1536x2048.jpg 1536w, https:\/\/elsllaguts.com\/wp\/wp-content\/uploads\/2020\/06\/IMG_20191211_163450-scaled.jpg 1920w\" sizes=\"auto, (max-width: 768px) 100vw, 768px\" \/>\t\t\t\t\t\t\t\t\t\t\t<\/p>\n<p>La Quilla se endereza con mordazas y se a\u00f1ade una sabata de madera de Ipe de 40&#215;40 uniendola a la quilla con tornillos acero inoxidable y rellando con masillas y epoxi como pegamento.<\/p>\n<p>\t\t\t\t\t\t\t\t\t\t<img loading=\"lazy\" decoding=\"async\" width=\"1024\" height=\"768\" src=\"https:\/\/elsllaguts.com\/wp\/wp-content\/uploads\/2020\/06\/IMG_20200117_092832-1024x768.jpg\" alt=\"\" srcset=\"https:\/\/elsllaguts.com\/wp\/wp-content\/uploads\/2020\/06\/IMG_20200117_092832-1024x768.jpg 1024w, https:\/\/elsllaguts.com\/wp\/wp-content\/uploads\/2020\/06\/IMG_20200117_092832-300x225.jpg 300w, https:\/\/elsllaguts.com\/wp\/wp-content\/uploads\/2020\/06\/IMG_20200117_092832-768x576.jpg 768w, https:\/\/elsllaguts.com\/wp\/wp-content\/uploads\/2020\/06\/IMG_20200117_092832-1536x1152.jpg 1536w, https:\/\/elsllaguts.com\/wp\/wp-content\/uploads\/2020\/06\/IMG_20200117_092832-2048x1536.jpg 2048w\" sizes=\"auto, (max-width: 1024px) 100vw, 1024px\" \/><br \/>\n\t\t\t\t\t\t\t\t\t\t<img loading=\"lazy\" decoding=\"async\" width=\"768\" height=\"1024\" src=\"https:\/\/elsllaguts.com\/wp\/wp-content\/uploads\/2020\/06\/IMG_20200117_092944-768x1024.jpg\" alt=\"\" srcset=\"https:\/\/elsllaguts.com\/wp\/wp-content\/uploads\/2020\/06\/IMG_20200117_092944-768x1024.jpg 768w, https:\/\/elsllaguts.com\/wp\/wp-content\/uploads\/2020\/06\/IMG_20200117_092944-225x300.jpg 225w, https:\/\/elsllaguts.com\/wp\/wp-content\/uploads\/2020\/06\/IMG_20200117_092944-1152x1536.jpg 1152w, https:\/\/elsllaguts.com\/wp\/wp-content\/uploads\/2020\/06\/IMG_20200117_092944-1536x2048.jpg 1536w, https:\/\/elsllaguts.com\/wp\/wp-content\/uploads\/2020\/06\/IMG_20200117_092944-scaled.jpg 1920w\" sizes=\"auto, (max-width: 768px) 100vw, 768px\" \/><br \/>\n\t\t\t\t\t\t\t\t\t\t<img loading=\"lazy\" decoding=\"async\" width=\"768\" height=\"1024\" src=\"https:\/\/elsllaguts.com\/wp\/wp-content\/uploads\/2020\/06\/IMG_20200131_172247-768x1024.jpg\" alt=\"Tapas\" srcset=\"https:\/\/elsllaguts.com\/wp\/wp-content\/uploads\/2020\/06\/IMG_20200131_172247-768x1024.jpg 768w, https:\/\/elsllaguts.com\/wp\/wp-content\/uploads\/2020\/06\/IMG_20200131_172247-225x300.jpg 225w, https:\/\/elsllaguts.com\/wp\/wp-content\/uploads\/2020\/06\/IMG_20200131_172247-1152x1536.jpg 1152w, https:\/\/elsllaguts.com\/wp\/wp-content\/uploads\/2020\/06\/IMG_20200131_172247-1536x2048.jpg 1536w, https:\/\/elsllaguts.com\/wp\/wp-content\/uploads\/2020\/06\/IMG_20200131_172247-scaled.jpg 1920w\" sizes=\"auto, (max-width: 768px) 100vw, 768px\" \/><br \/>\n\t\t\t\t\t\t\t\t\t\t<img loading=\"lazy\" decoding=\"async\" width=\"768\" height=\"1024\" src=\"https:\/\/elsllaguts.com\/wp\/wp-content\/uploads\/2020\/06\/IMG_20200226_165037-768x1024.jpg\" alt=\"\" srcset=\"https:\/\/elsllaguts.com\/wp\/wp-content\/uploads\/2020\/06\/IMG_20200226_165037-768x1024.jpg 768w, https:\/\/elsllaguts.com\/wp\/wp-content\/uploads\/2020\/06\/IMG_20200226_165037-225x300.jpg 225w, https:\/\/elsllaguts.com\/wp\/wp-content\/uploads\/2020\/06\/IMG_20200226_165037-1152x1536.jpg 1152w, https:\/\/elsllaguts.com\/wp\/wp-content\/uploads\/2020\/06\/IMG_20200226_165037-1536x2048.jpg 1536w, https:\/\/elsllaguts.com\/wp\/wp-content\/uploads\/2020\/06\/IMG_20200226_165037-scaled.jpg 1920w\" sizes=\"auto, (max-width: 768px) 100vw, 768px\" \/><br \/>\n\t\t\t\t\t\t\t\t\t\t<img loading=\"lazy\" decoding=\"async\" width=\"1024\" height=\"768\" src=\"https:\/\/elsllaguts.com\/wp\/wp-content\/uploads\/2020\/06\/IMG_20200117_092941-1024x768.jpg\" alt=\"\" srcset=\"https:\/\/elsllaguts.com\/wp\/wp-content\/uploads\/2020\/06\/IMG_20200117_092941-1024x768.jpg 1024w, https:\/\/elsllaguts.com\/wp\/wp-content\/uploads\/2020\/06\/IMG_20200117_092941-300x225.jpg 300w, https:\/\/elsllaguts.com\/wp\/wp-content\/uploads\/2020\/06\/IMG_20200117_092941-768x576.jpg 768w, https:\/\/elsllaguts.com\/wp\/wp-content\/uploads\/2020\/06\/IMG_20200117_092941-1536x1152.jpg 1536w, https:\/\/elsllaguts.com\/wp\/wp-content\/uploads\/2020\/06\/IMG_20200117_092941-2048x1536.jpg 2048w\" sizes=\"auto, (max-width: 1024px) 100vw, 1024px\" \/><\/p>\n","protected":false},"excerpt":{"rendered":"<p>Restauraci\u00f3n de la quilla, manteniendo su forma original, la curvatura, se pegan trozos de melis epoxi y se rellena con masilla de epoxi y polvo de cristal hueco. la quilla &#8230; <a title=\"Restauraci\u00f3n Es Barcar\u00e8s\" class=\"read-more\" href=\"https:\/\/elsllaguts.com\/wp\/restauracion-es-barcares-2\/\" aria-label=\"M\u00e9s informaci\u00f3 sobre Restauraci\u00f3n Es Barcar\u00e8s\">Llegiu m\u00e9s<\/a><\/p>\n","protected":false},"author":1,"featured_media":0,"parent":0,"menu_order":0,"comment_status":"closed","ping_status":"closed","template":"","meta":{"footnotes":""},"class_list":["post-1007","page","type-page","status-publish"],"_links":{"self":[{"href":"https:\/\/elsllaguts.com\/wp\/wp-json\/wp\/v2\/pages\/1007","targetHints":{"allow":["GET"]}}],"collection":[{"href":"https:\/\/elsllaguts.com\/wp\/wp-json\/wp\/v2\/pages"}],"about":[{"href":"https:\/\/elsllaguts.com\/wp\/wp-json\/wp\/v2\/types\/page"}],"author":[{"embeddable":true,"href":"https:\/\/elsllaguts.com\/wp\/wp-json\/wp\/v2\/users\/1"}],"replies":[{"embeddable":true,"href":"https:\/\/elsllaguts.com\/wp\/wp-json\/wp\/v2\/comments?post=1007"}],"version-history":[{"count":6,"href":"https:\/\/elsllaguts.com\/wp\/wp-json\/wp\/v2\/pages\/1007\/revisions"}],"predecessor-version":[{"id":1027,"href":"https:\/\/elsllaguts.com\/wp\/wp-json\/wp\/v2\/pages\/1007\/revisions\/1027"}],"wp:attachment":[{"href":"https:\/\/elsllaguts.com\/wp\/wp-json\/wp\/v2\/media?parent=1007"}],"curies":[{"name":"wp","href":"https:\/\/api.w.org\/{rel}","templated":true}]}}